{"id":68,"date":"2025-06-30T10:19:05","date_gmt":"2025-06-30T10:19:05","guid":{"rendered":"https:\/\/szeptaria.pl\/?page_id=68"},"modified":"2025-07-01T05:16:18","modified_gmt":"2025-07-01T05:16:18","slug":"strona-glowna","status":"publish","type":"page","link":"https:\/\/szeptaria.pl\/","title":{"rendered":"Strona g\u0142\u00f3wna"},"content":{"rendered":"\t\t<div data-elementor-type=\"wp-page\" data-elementor-id=\"68\" class=\"elementor elementor-68\">\n\t\t\t\t<div class=\"elementor-element elementor-element-1f22850 e-flex e-con-boxed e-con e-parent\" data-id=\"1f22850\" data-element_type=\"container\">\n\t\t\t\t\t<div class=\"e-con-inner\">\n\t\t\t\t<div class=\"elementor-element elementor-element-6d80b68 elementor-widget elementor-widget-html\" data-id=\"6d80b68\" data-element_type=\"widget\" data-widget_type=\"html.default\">\n\t\t\t\t<div class=\"elementor-widget-container\">\n\t\t\t\t\t<body>\n\n<section class=\"hero\">\n  <img decoding=\"async\" class=\"background\" src=\"https:\/\/szeptaria.pl\/wp-content\/uploads\/2025\/06\/hero_clean.png\" alt=\"S\u0142owia\u0144ska bogini\" \/>\n  <div class=\"overlay\"><\/div>\n  <div class=\"content\">\n  \n    \n    <a href=\"#produkty\">Zobacz rytua\u0142y<\/a>\n  <\/div>\n<\/section>\n\n<section id=\"produkty\" class=\"products\">\n  <h2>Nasze rytua\u0142y<\/h2>\n  <div class=\"grid\">\n    <div class=\"product\">\n      <img decoding=\"async\" src=\"https:\/\/szeptaria.pl\/wp-content\/uploads\/2025\/06\/eliksir.png\" alt=\"Eliksir Dziewanny\">\n      <h3>Eliksir Dziewanny<\/h3>\n      <p>Tonik zio\u0142owy z dziewanny, krwawnika i melisy.<\/p>\n      <strong>49,00 z\u0142<\/strong>\n    <\/div>\n    <div class=\"product\">\n      <img decoding=\"async\" src=\"https:\/\/szeptaria.pl\/wp-content\/uploads\/2025\/06\/mydlo.png\" alt=\"Myd\u0142o Czystka\">\n      <h3>Myd\u0142o Czystka<\/h3>\n      <p>R\u0119cznie robione myd\u0142o z ekstraktem z czystka.<\/p>\n      <strong>39,00 z\u0142<\/strong>\n    <\/div>\n    <div class=\"product\">\n      <img decoding=\"async\" src=\"https:\/\/szeptaria.pl\/wp-content\/uploads\/2025\/06\/olejek_rusalki.png\" alt=\"Olej Rusalki\">\n      <h3>Olej Rusalki<\/h3>\n      <p>Regeneruj\u0105cy olejek z dziurawcem i lawend\u0105.<\/p>\n      <strong>69,00 z\u0142<\/strong>\n    <\/div>\n  <\/div>\n<\/section>\n\n<footer>\n  <img decoding=\"async\" src=\"https:\/\/szeptaria.pl\/wp-content\/uploads\/2025\/06\/kolovrat-1.png\" alt=\"Kolovrat\" \/> &nbsp;\u00a9\u00a02025 Szeptaria. Wszystkie prawa zastrze\u017cone.\n<\/footer>\n\n<\/body>\n\t\t\t\t<\/div>\n\t\t\t\t<\/div>\n\t\t\t\t\t<\/div>\n\t\t\t\t<\/div>\n\t\t\t\t<\/div>\n\t\t","protected":false},"excerpt":{"rendered":"<p>Zobacz rytua\u0142y Nasze rytua\u0142y Eliksir Dziewanny Tonik zio\u0142owy z dziewanny, krwawnika i melisy. 49,00 z\u0142 Myd\u0142o Czystka R\u0119cznie robione myd\u0142o z ekstraktem z czystka. 39,00 z\u0142 Olej Rusalki Regeneruj\u0105cy olejek z dziurawcem i lawend\u0105. 69,00 z\u0142 &nbsp;\u00a9\u00a02025 Szeptaria. Wszystkie prawa zastrze\u017cone.<\/p>\n","protected":false},"author":1,"featured_media":0,"parent":0,"menu_order":0,"comment_status":"closed","ping_status":"closed","template":"","meta":{"footnotes":""},"class_list":["post-68","page","type-page","status-publish","hentry"],"blocksy_meta":[],"jetpack_sharing_enabled":true,"_links":{"self":[{"href":"https:\/\/szeptaria.pl\/index.php\/wp-json\/wp\/v2\/pages\/68","targetHints":{"allow":["GET"]}}],"collection":[{"href":"https:\/\/szeptaria.pl\/index.php\/wp-json\/wp\/v2\/pages"}],"about":[{"href":"https:\/\/szeptaria.pl\/index.php\/wp-json\/wp\/v2\/types\/page"}],"author":[{"embeddable":true,"href":"https:\/\/szeptaria.pl\/index.php\/wp-json\/wp\/v2\/users\/1"}],"replies":[{"embeddable":true,"href":"https:\/\/szeptaria.pl\/index.php\/wp-json\/wp\/v2\/comments?post=68"}],"version-history":[{"count":16,"href":"https:\/\/szeptaria.pl\/index.php\/wp-json\/wp\/v2\/pages\/68\/revisions"}],"predecessor-version":[{"id":101,"href":"https:\/\/szeptaria.pl\/index.php\/wp-json\/wp\/v2\/pages\/68\/revisions\/101"}],"wp:attachment":[{"href":"https:\/\/szeptaria.pl\/index.php\/wp-json\/wp\/v2\/media?parent=68"}],"curies":[{"name":"wp","href":"https:\/\/api.w.org\/{rel}","templated":true}]}}